{"id":36,"date":"2021-05-16T22:06:52","date_gmt":"2021-05-16T20:06:52","guid":{"rendered":"http:\/\/dietetykgdynia.com\/?page_id=36"},"modified":"2022-05-31T15:34:27","modified_gmt":"2022-05-31T13:34:27","slug":"dobry-dietetyk-gdynia-trwale-efekty-skuteczne-odchudzanie","status":"publish","type":"page","link":"https:\/\/dietetykgdynia.com\/?page_id=36","title":{"rendered":"Kilka s\u0142\u00f3w o mnie&#8230;"},"content":{"rendered":"\t\t<div data-elementor-type=\"wp-page\" data-elementor-id=\"36\" class=\"elementor elementor-36\" data-elementor-settings=\"[]\">\n\t\t\t\t\t\t\t<div class=\"elementor-section-wrap\">\n\t\t\t\t\t\t\t<section class=\"elementor-section elementor-top-section elementor-element elementor-element-94cbc39 elementor-section-boxed elementor-section-height-default elementor-section-height-default\" data-id=\"94cbc39\" data-element_type=\"section\">\n\t\t\t\t\t\t<div class=\"elementor-container elementor-column-gap-default\">\n\t\t\t\t\t<div class=\"elementor-column elementor-col-100 elementor-top-column elementor-element elementor-element-d498ed6\" data-id=\"d498ed6\" data-element_type=\"column\">\n\t\t\t<div class=\"elementor-widget-wrap elementor-element-populated\">\n\t\t\t\t\t\t\t\t<div class=\"elementor-element elementor-element-8d3da59 elementor-button-info elementor-align-center elementor-widget elementor-widget-button\" data-id=\"8d3da59\" data-element_type=\"widget\" data-widget_type=\"button.default\">\n\t\t\t\t<div class=\"elementor-widget-container\">\n\t\t\t\t\t<div class=\"elementor-button-wrapper\">\n\t\t\t<a href=\"tel:+48790385759\" class=\"elementor-button-link elementor-button elementor-size-sm\" role=\"button\">\n\t\t\t\t\t\t<span class=\"elementor-button-content-wrapper\">\n\t\t\t\t\t\t<span class=\"elementor-button-icon elementor-align-icon-left\">\n\t\t\t\t<i aria-hidden=\"true\" class=\"fas fa-phone-alt\"><\/i>\t\t\t<\/span>\n\t\t\t\t\t\t<span class=\"elementor-button-text\">UM\u00d3W WIZYT\u0118<br> 790 385 759<\/span>\n\t\t<\/span>\n\t\t\t\t\t<\/a>\n\t\t<\/div>\n\t\t\t\t<\/div>\n\t\t\t\t<\/div>\n\t\t\t\t\t<\/div>\n\t\t<\/div>\n\t\t\t\t\t\t\t<\/div>\n\t\t<\/section>\n\t\t\t\t<section class=\"elementor-section elementor-top-section elementor-element elementor-element-77b7def6 elementor-section-boxed elementor-section-height-default elementor-section-height-default\" data-id=\"77b7def6\" data-element_type=\"section\">\n\t\t\t\t\t\t<div class=\"elementor-container elementor-column-gap-default\">\n\t\t\t\t\t<div class=\"elementor-column elementor-col-100 elementor-top-column elementor-element elementor-element-6f5cc13\" data-id=\"6f5cc13\" data-element_type=\"column\">\n\t\t\t<div class=\"elementor-widget-wrap elementor-element-populated\">\n\t\t\t\t\t\t\t\t<div class=\"elementor-element elementor-element-8bdaae2 elementor-widget elementor-widget-text-editor\" data-id=\"8bdaae2\" data-element_type=\"widget\" data-widget_type=\"text-editor.default\">\n\t\t\t\t<div class=\"elementor-widget-container\">\n\t\t\t\t\t\t\t\t<!-- wp:image {\"id\":38,\"sizeSlug\":\"medium\",\"linkDestination\":\"none\"} -->\n<figure class=\"wp-block-image size-medium\"><\/figure>\n<!-- \/wp:image --><!-- wp:paragraph {\"align\":\"center\"} -->\n<p><strong><em>Skuteczny dietetyk, psychodietetyk, <\/em><\/strong><strong><em>Katarzyna Smoli\u0144ska<\/em><\/strong><\/p>\n<p><strong>Specjalista po studiach dietetycznych i psychodietetyk po studiach podyplomowych. <\/strong>Ponadto, certyfikowany dietetyk Polskiego Instytutu Dietetyki.\u00a0 Dyplomowany <strong>specjalista z zakresu \u017cywienia zgodnego z Tradycyjn\u0105 Medycyn\u0105 Chi\u0144sk\u0105<\/strong>. Poza tym, uczestniczka <strong>licznych kurs\u00f3w, konferencji\u00a0 i szkole\u0144 o tematyce dietetycznej<\/strong>. Absolwentka Uniwersytetu Warmi\u0144sko\u2011Mazurskiego, Wy\u017cszej Szko\u0142y Zdrowia, Wy\u017cszej Szko\u0142y Bankowej oraz Uniwersytetu Gda\u0144skiego.<\/p>\n<p>Szukaj\u0105c swojej \u015bcie\u017cki w r\u00f3\u017cnych bran\u017cach upewni\u0142am si\u0119, \u017ce <strong>moj\u0105 prawdziw\u0105 i odwzajemnion\u0105 zawodow\u0105 mi\u0142o\u015bci\u0105 jest DIETETYKA<\/strong>.\u00a0 W zwi\u0105zku z\u00a0 powy\u017cszym &#8211; zakresem kompetencji obejmuj\u0119 skuteczne dzia\u0142ania maj\u0105ce na celu trwa\u0142\u0105 redukcj\u0119 masy cia\u0142a oraz dietoterapie w jednostkach chorobowych.<\/p>\n<p><!-- \/wp:paragraph --><!-- wp:paragraph {\"align\":\"center\"} --><\/p>\n<p><!-- \/wp:paragraph --><!-- wp:paragraph --><\/p>\n<p><!-- \/wp:paragraph --><!-- wp:paragraph --><\/p>\n<p><!-- \/wp:paragraph --><\/p>\t\t\t\t\t\t<\/div>\n\t\t\t\t<\/div>\n\t\t\t\t\t<\/div>\n\t\t<\/div>\n\t\t\t\t\t\t\t<\/div>\n\t\t<\/section>\n\t\t\t\t<section class=\"elementor-section elementor-top-section elementor-element elementor-element-27745f7 elementor-section-boxed elementor-section-height-default elementor-section-height-default\" data-id=\"27745f7\" data-element_type=\"section\">\n\t\t\t\t\t\t<div class=\"elementor-container elementor-column-gap-default\">\n\t\t\t\t\t<div class=\"elementor-column elementor-col-100 elementor-top-column elementor-element elementor-element-58f5791\" data-id=\"58f5791\" data-element_type=\"column\">\n\t\t\t<div class=\"elementor-widget-wrap elementor-element-populated\">\n\t\t\t\t\t\t\t\t<div class=\"elementor-element elementor-element-743a101 elementor-widget elementor-widget-text-editor\" data-id=\"743a101\" data-element_type=\"widget\" data-widget_type=\"text-editor.default\">\n\t\t\t\t<div class=\"elementor-widget-container\">\n\t\t\t\t\t\t\t\t<p><em><strong>Specjalistka od zada\u0144 specjalnych: skuteczne odchudzanie i trwa\u0142a redukcja masy cia\u0142a to moja codzienno\u015b\u0107. Dlatego komponuj\u0119 smaczne jad\u0142ospisy a moje plany \u017cywieniowe spe\u0142niaj\u0105 oczekiwania najbardziej wymagaj\u0105cych odbiorc\u00f3w.<\/strong><\/em><\/p>\t\t\t\t\t\t<\/div>\n\t\t\t\t<\/div>\n\t\t\t\t\t<\/div>\n\t\t<\/div>\n\t\t\t\t\t\t\t<\/div>\n\t\t<\/section>\n\t\t\t\t<section class=\"elementor-section elementor-top-section elementor-element elementor-element-e98c515 elementor-section-boxed elementor-section-height-default elementor-section-height-default\" data-id=\"e98c515\" data-element_type=\"section\">\n\t\t\t\t\t\t<div class=\"elementor-container elementor-column-gap-default\">\n\t\t\t\t\t<div class=\"elementor-column elementor-col-33 elementor-top-column elementor-element elementor-element-41bed4e\" data-id=\"41bed4e\" data-element_type=\"column\">\n\t\t\t<div class=\"elementor-widget-wrap elementor-element-populated\">\n\t\t\t\t\t\t\t\t<div class=\"elementor-element elementor-element-95c9416 elementor-widget elementor-widget-image\" data-id=\"95c9416\" data-element_type=\"widget\" data-widget_type=\"image.default\">\n\t\t\t\t<div class=\"elementor-widget-container\">\n\t\t\t\t\t\t\t\t\t\t\t\t\t\t\t<img loading=\"lazy\" decoding=\"async\" width=\"150\" height=\"150\" src=\"https:\/\/dietetykgdynia.com\/wp-content\/uploads\/2021\/05\/dietetyk-150x150.jpg\" class=\"attachment-thumbnail size-thumbnail\" alt=\"\" srcset=\"https:\/\/dietetykgdynia.com\/wp-content\/uploads\/2021\/05\/dietetyk-150x150.jpg 150w, https:\/\/dietetykgdynia.com\/wp-content\/uploads\/2021\/05\/dietetyk-300x300.jpg 300w, https:\/\/dietetykgdynia.com\/wp-content\/uploads\/2021\/05\/dietetyk-1024x1024.jpg 1024w, https:\/\/dietetykgdynia.com\/wp-content\/uploads\/2021\/05\/dietetyk-768x768.jpg 768w, https:\/\/dietetykgdynia.com\/wp-content\/uploads\/2021\/05\/dietetyk-1536x1536.jpg 1536w, https:\/\/dietetykgdynia.com\/wp-content\/uploads\/2021\/05\/dietetyk-2048x2048.jpg 2048w\" sizes=\"auto, (max-width: 150px) 100vw, 150px\" \/>\t\t\t\t\t\t\t\t\t\t\t\t\t\t\t<\/div>\n\t\t\t\t<\/div>\n\t\t\t\t\t<\/div>\n\t\t<\/div>\n\t\t\t\t<div class=\"elementor-column elementor-col-66 elementor-top-column elementor-element elementor-element-2323031\" data-id=\"2323031\" data-element_type=\"column\">\n\t\t\t<div class=\"elementor-widget-wrap elementor-element-populated\">\n\t\t\t\t\t\t\t\t<div class=\"elementor-element elementor-element-3387aaa elementor-widget elementor-widget-text-editor\" data-id=\"3387aaa\" data-element_type=\"widget\" data-widget_type=\"text-editor.default\">\n\t\t\t\t<div class=\"elementor-widget-container\">\n\t\t\t\t\t\t\t\t<h4><strong><em>SZKOLENIA<\/em><\/strong><\/h4>\n<p><!-- \/wp:paragraph --><!-- wp:paragraph --><\/p>\n<ul>\n<li>Dietetyka i\u00a0Suplementacja, Mauricz Training Center, \u2013 modu\u0142y I, II, III, IV<\/li>\n<\/ul>\n<p><!-- \/wp:paragraph --><!-- wp:paragraph --><\/p>\n<ul>\n<li>Rola diety w\u00a0schorzeniach tarczycy \u2013 Centrum Szkole\u0144 Dietetyki Klinicznej<\/li>\n<\/ul>\n<p><!-- \/wp:paragraph --><!-- wp:paragraph --><\/p>\n<ul>\n<li>Interpretacja bada\u0144 laboratoryjnych w\u00a0praktyce dietetyka, modu\u0142y I, II \u2013 Gackowska, Barbell Kitchen<\/li>\n<\/ul>\n<p><!-- \/wp:paragraph --><!-- wp:paragraph --><\/p>\n<ul>\n<li>Nadwra\u017cliwo\u015bci pokarmowe i\u00a0zaburzenia mikroflory jelitowej a\u00a0choroby cywilizacyjne \u2013 Centrum Medyczne VitaImmun<\/li>\n<\/ul>\n<p><!-- \/wp:paragraph --><!-- wp:paragraph --><\/p>\n<ul>\n<li>Diety ro\u015blinne w\u00a0teorii i\u00a0praktyce \u2013 Barbell Kitchen<\/li>\n<\/ul>\n<p><!-- \/wp:paragraph --><!-- wp:paragraph --><\/p>\n<ul>\n<li>Dietetyka Podstawowa \u2013 Polski Instytut Dietetyki<\/li>\n<\/ul>\n<p><!-- \/wp:paragraph --><!-- wp:paragraph --><\/p>\n<ul>\n<li>Dietetyka Zaawansowana \u2013 Polski Instytut Dietetyki<\/li>\n<\/ul>\n<p><!-- \/wp:paragraph --><!-- wp:paragraph --><\/p>\n<ul>\n<li>Praktyczna dietoterapia w\u00a0najbardziej z\u0142o\u017conych przypadkach chorobowych<\/li>\n<\/ul>\n<p><!-- \/wp:paragraph --><!-- wp:paragraph --><\/p>\n<ul>\n<li>Refluks \u017co\u0142\u0105dkowo \u2013 prze\u0142ykowy u\u00a0pacjenta z\u00a0oty\u0142o\u015bci\u0105 \u2013 praktyczne po\u0142\u0105czenie diety redukcyjnej i\u00a0lekkostrawnej,<\/li>\n<\/ul>\n<p><!-- \/wp:paragraph --><!-- wp:paragraph --><\/p>\n<ul>\n<li>Zesp\u00f3l jelita nadwra\u017cliwego a\u00a0skuteczne wsparcie suplement\u00f3w i\u00a0probiotyk\u00f3w wraz z\u00a0diet\u0105 LOW FODMAP,<\/li>\n<\/ul>\n<p><!-- \/wp:paragraph --><!-- wp:paragraph --><\/p>\n<ul>\n<li>Dieta ketogenna i\u00a0jej zastosowanie w\u00a0leczeniu zmian nowotworowych,<\/li>\n<\/ul>\n<p><!-- \/wp:paragraph --><!-- wp:paragraph --><\/p>\n<ul>\n<li>Diagnostyka i\u00a0dietoterapia chor\u00f3b sk\u00f3ry,<\/li>\n<\/ul>\n<p><!-- \/wp:paragraph --><!-- wp:paragraph --><\/p>\n<ul>\n<li>Diagnostyka i\u00a0dietoterapia zaburze\u0144 gospodarki hormonalnej,<\/li>\n<\/ul>\n<p><!-- \/wp:paragraph --><!-- wp:paragraph --><\/p>\n<ul>\n<li>Dietetyka kliniczna \u2013 dietoterapia w\u00a0insulinoopornos\u0107i i\u00a0PCOS,<\/li>\n<\/ul>\n<p><!-- \/wp:paragraph --><!-- wp:paragraph --><\/p>\n<ul>\n<li>Niep\u0142odno\u015b\u0107 \u2013 przyczyny, diagnostyka i\u00a0skuteczna dietoterapia,<\/li>\n<\/ul>\n<p><!-- \/wp:paragraph --><!-- wp:paragraph --><\/p>\n<ul>\n<li>Mikrobiota jelitowa w\u00a0schorzeniach zapalnych sk\u00f3ry,<\/li>\n<\/ul>\n<p><!-- \/wp:paragraph --><!-- wp:paragraph --><\/p>\n<ul>\n<li>Dietetyka w\u00a0Tradycyjnej Medycynie Chi\u0144skiej \u2013 Centrum Szkoleniowe TOMO,<\/li>\n<\/ul>\n<p><!-- \/wp:paragraph --><!-- wp:paragraph --><\/p>\n<ul>\n<li>Fizjologia, patologia i\u00a0terapia \u017cywieniowa zaburze\u0144 obieg\u00f3w nerek, p\u0119cherza moczowego, w\u0105troby i\u00a0p\u0119cherzyka \u017c\u00f3\u0142ciowego wed\u0142ug Medycyny Chi\u0144skiej,<\/li>\n<\/ul>\n<p><!-- \/wp:paragraph --><!-- wp:paragraph --><\/p>\n<ul>\n<li>Fizjologia, patologia i\u00a0terapia \u017cywieniowa zaburze\u0144 obieg\u00f3w serca i\u00a0jelita cienkiego wed\u0142ug Medycyny Chi\u0144skiej,<\/li>\n<\/ul>\n<p><!-- \/wp:paragraph --><!-- wp:paragraph --><\/p>\n<ul>\n<li>Fizjologia, patologia i\u00a0terapia \u017cywieniowa zaburze\u0144 \u015bledziony, \u017co\u0142\u0105dka, p\u0142uc i\u00a0jelita grubego wed\u0142ug Medycyny Chi\u0144skiej.<\/li>\n<li>I inne.<\/li>\n<\/ul>\t\t\t\t\t\t<\/div>\n\t\t\t\t<\/div>\n\t\t\t\t\t<\/div>\n\t\t<\/div>\n\t\t\t\t\t\t\t<\/div>\n\t\t<\/section>\n\t\t\t\t\t\t<\/div>\n\t\t\t\t\t<\/div>\n\t\t","protected":false},"excerpt":{"rendered":"<p>UM\u00d3W WIZYT\u0118 790 385 759 Skuteczny dietetyk, psychodietetyk, Katarzyna Smoli\u0144ska Specjalista po studiach dietetycznych i psychodietetyk po studiach podyplomowych. Ponadto, certyfikowany dietetyk Polskiego Instytutu Dietetyki.\u00a0 Dyplomowany specjalista z zakresu \u017cywienia zgodnego z Tradycyjn\u0105 Medycyn\u0105 Chi\u0144sk\u0105. Poza tym, uczestniczka licznych kurs\u00f3w, konferencji\u00a0 i szkole\u0144 o tematyce [&hellip;]<\/p>\n","protected":false},"author":1,"featured_media":0,"parent":0,"menu_order":0,"comment_status":"closed","ping_status":"closed","template":"","meta":{"footnotes":""},"class_list":["post-36","page","type-page","status-publish","hentry"],"yoast_head":"<!-- This site is optimized with the Yoast SEO plugin v16.2 - https:\/\/yoast.com\/wordpress\/plugins\/seo\/ -->\n<title>Dietetyk Gdynia, odchudzanie, dietetyka kliniczna - DIETETYK<\/title>\n<meta name=\"description\" content=\"Skuteczne odchudzanie. Smaczne jad\u0142ospisy. Plany \u017cywieniowe. Trwa\u0142a redukcja masy cia\u0142a. Dietetyka kliniczna: hashimoto, insulinooporno\u015b\u0107.\" \/>\n<meta name=\"robots\" content=\"index, follow, max-snippet:-1, max-image-preview:large, max-video-preview:-1\" \/>\n<link rel=\"canonical\" href=\"https:\/\/dietetykgdynia.com\/?page_id=36\" \/>\n<meta property=\"og:locale\" content=\"en_US\" \/>\n<meta property=\"og:type\" content=\"article\" \/>\n<meta property=\"og:title\" content=\"Dietetyk Gdynia, odchudzanie, dietetyka kliniczna - DIETETYK\" \/>\n<meta property=\"og:description\" content=\"Skuteczne odchudzanie. Smaczne jad\u0142ospisy. Plany \u017cywieniowe. Trwa\u0142a redukcja masy cia\u0142a. Dietetyka kliniczna: hashimoto, insulinooporno\u015b\u0107.\" \/>\n<meta property=\"og:url\" content=\"https:\/\/dietetykgdynia.com\/?page_id=36\" \/>\n<meta property=\"og:site_name\" content=\"DIETETYK\" \/>\n<meta property=\"article:modified_time\" content=\"2022-05-31T13:34:27+00:00\" \/>\n<meta property=\"og:image\" content=\"https:\/\/dietetykgdynia.com\/wp-content\/uploads\/2021\/05\/dietetyk-150x150.jpg\" \/>\n<meta name=\"twitter:card\" content=\"summary_large_image\" \/>\n<meta name=\"twitter:label1\" content=\"Est. reading time\">\n\t<meta name=\"twitter:data1\" content=\"2 minutes\">\n<script type=\"application\/ld+json\" class=\"yoast-schema-graph\">{\"@context\":\"https:\/\/schema.org\",\"@graph\":[{\"@type\":\"WebSite\",\"@id\":\"https:\/\/dietetykgdynia.com\/#website\",\"url\":\"https:\/\/dietetykgdynia.com\/\",\"name\":\"DIETETYK\",\"description\":\"Gdynia, ul. Falista 16\/11\",\"potentialAction\":[{\"@type\":\"SearchAction\",\"target\":\"https:\/\/dietetykgdynia.com\/?s={search_term_string}\",\"query-input\":\"required name=search_term_string\"}],\"inLanguage\":\"en-US\"},{\"@type\":\"ImageObject\",\"@id\":\"https:\/\/dietetykgdynia.com\/?page_id=36#primaryimage\",\"inLanguage\":\"en-US\",\"url\":\"https:\/\/dietetykgdynia.com\/wp-content\/uploads\/2021\/05\/dietetyk.jpg\",\"contentUrl\":\"https:\/\/dietetykgdynia.com\/wp-content\/uploads\/2021\/05\/dietetyk.jpg\",\"width\":2444,\"height\":2443},{\"@type\":\"WebPage\",\"@id\":\"https:\/\/dietetykgdynia.com\/?page_id=36#webpage\",\"url\":\"https:\/\/dietetykgdynia.com\/?page_id=36\",\"name\":\"Dietetyk Gdynia, odchudzanie, dietetyka kliniczna - DIETETYK\",\"isPartOf\":{\"@id\":\"https:\/\/dietetykgdynia.com\/#website\"},\"primaryImageOfPage\":{\"@id\":\"https:\/\/dietetykgdynia.com\/?page_id=36#primaryimage\"},\"datePublished\":\"2021-05-16T20:06:52+00:00\",\"dateModified\":\"2022-05-31T13:34:27+00:00\",\"description\":\"Skuteczne odchudzanie. Smaczne jad\\u0142ospisy. Plany \\u017cywieniowe. Trwa\\u0142a redukcja masy cia\\u0142a. Dietetyka kliniczna: hashimoto, insulinooporno\\u015b\\u0107.\",\"breadcrumb\":{\"@id\":\"https:\/\/dietetykgdynia.com\/?page_id=36#breadcrumb\"},\"inLanguage\":\"en-US\",\"potentialAction\":[{\"@type\":\"ReadAction\",\"target\":[\"https:\/\/dietetykgdynia.com\/?page_id=36\"]}]},{\"@type\":\"BreadcrumbList\",\"@id\":\"https:\/\/dietetykgdynia.com\/?page_id=36#breadcrumb\",\"itemListElement\":[{\"@type\":\"ListItem\",\"position\":1,\"item\":{\"@type\":\"WebPage\",\"@id\":\"https:\/\/dietetykgdynia.com\/\",\"url\":\"https:\/\/dietetykgdynia.com\/\",\"name\":\"Home\"}},{\"@type\":\"ListItem\",\"position\":2,\"item\":{\"@id\":\"https:\/\/dietetykgdynia.com\/?page_id=36#webpage\"}}]}]}<\/script>\n<!-- \/ Yoast SEO plugin. -->","_links":{"self":[{"href":"https:\/\/dietetykgdynia.com\/index.php?rest_route=\/wp\/v2\/pages\/36","targetHints":{"allow":["GET"]}}],"collection":[{"href":"https:\/\/dietetykgdynia.com\/index.php?rest_route=\/wp\/v2\/pages"}],"about":[{"href":"https:\/\/dietetykgdynia.com\/index.php?rest_route=\/wp\/v2\/types\/page"}],"author":[{"embeddable":true,"href":"https:\/\/dietetykgdynia.com\/index.php?rest_route=\/wp\/v2\/users\/1"}],"replies":[{"embeddable":true,"href":"https:\/\/dietetykgdynia.com\/index.php?rest_route=%2Fwp%2Fv2%2Fcomments&post=36"}],"version-history":[{"count":123,"href":"https:\/\/dietetykgdynia.com\/index.php?rest_route=\/wp\/v2\/pages\/36\/revisions"}],"predecessor-version":[{"id":1009,"href":"https:\/\/dietetykgdynia.com\/index.php?rest_route=\/wp\/v2\/pages\/36\/revisions\/1009"}],"wp:attachment":[{"href":"https:\/\/dietetykgdynia.com\/index.php?rest_route=%2Fwp%2Fv2%2Fmedia&parent=36"}],"curies":[{"name":"wp","href":"https:\/\/api.w.org\/{rel}","templated":true}]}}