{"id":384,"date":"2021-05-21T13:05:35","date_gmt":"2021-05-21T11:05:35","guid":{"rendered":"http:\/\/dietetykgdynia.com\/?page_id=384"},"modified":"2021-06-11T11:18:45","modified_gmt":"2021-06-11T09:18:45","slug":"dietetyk-gdynia","status":"publish","type":"page","link":"https:\/\/dietetykgdynia.com\/?page_id=384","title":{"rendered":"W gabinecie dietetyka&#8230;"},"content":{"rendered":"\t\t<div data-elementor-type=\"wp-page\" data-elementor-id=\"384\" class=\"elementor elementor-384\" data-elementor-settings=\"[]\">\n\t\t\t\t\t\t\t<div class=\"elementor-section-wrap\">\n\t\t\t\t\t\t\t<section class=\"elementor-section elementor-top-section elementor-element elementor-element-3a33b04 elementor-section-boxed elementor-section-height-default elementor-section-height-default\" data-id=\"3a33b04\" data-element_type=\"section\">\n\t\t\t\t\t\t<div class=\"elementor-container elementor-column-gap-default\">\n\t\t\t\t\t<div class=\"elementor-column elementor-col-100 elementor-top-column elementor-element elementor-element-5b4012a\" data-id=\"5b4012a\" data-element_type=\"column\">\n\t\t\t<div class=\"elementor-widget-wrap elementor-element-populated\">\n\t\t\t\t\t\t\t\t<div class=\"elementor-element elementor-element-6271bc0 elementor-button-info elementor-align-center elementor-widget elementor-widget-button\" data-id=\"6271bc0\" data-element_type=\"widget\" data-widget_type=\"button.default\">\n\t\t\t\t<div class=\"elementor-widget-container\">\n\t\t\t\t\t<div class=\"elementor-button-wrapper\">\n\t\t\t<a href=\"tel:+48790385759\" class=\"elementor-button-link elementor-button elementor-size-sm\" role=\"button\">\n\t\t\t\t\t\t<span class=\"elementor-button-content-wrapper\">\n\t\t\t\t\t\t<span class=\"elementor-button-icon elementor-align-icon-left\">\n\t\t\t\t<i aria-hidden=\"true\" class=\"fas fa-phone-alt\"><\/i>\t\t\t<\/span>\n\t\t\t\t\t\t<span class=\"elementor-button-text\">ZADZWO\u0143 790 385 759<\/span>\n\t\t<\/span>\n\t\t\t\t\t<\/a>\n\t\t<\/div>\n\t\t\t\t<\/div>\n\t\t\t\t<\/div>\n\t\t\t\t<div class=\"elementor-element elementor-element-49b5638 elementor-view-default elementor-widget elementor-widget-icon\" data-id=\"49b5638\" data-element_type=\"widget\" data-widget_type=\"icon.default\">\n\t\t\t\t<div class=\"elementor-widget-container\">\n\t\t\t\t\t<div class=\"elementor-icon-wrapper\">\n\t\t\t<div class=\"elementor-icon\">\n\t\t\t<i aria-hidden=\"true\" class=\"far fa-question-circle\"><\/i>\t\t\t<\/div>\n\t\t<\/div>\n\t\t\t\t<\/div>\n\t\t\t\t<\/div>\n\t\t\t\t\t<\/div>\n\t\t<\/div>\n\t\t\t\t\t\t\t<\/div>\n\t\t<\/section>\n\t\t\t\t<section class=\"elementor-section elementor-top-section elementor-element elementor-element-36dda53 elementor-section-boxed elementor-section-height-default elementor-section-height-default\" data-id=\"36dda53\" data-element_type=\"section\">\n\t\t\t\t\t\t<div class=\"elementor-container elementor-column-gap-default\">\n\t\t\t\t\t<div class=\"elementor-column elementor-col-100 elementor-top-column elementor-element elementor-element-161348c\" data-id=\"161348c\" data-element_type=\"column\">\n\t\t\t<div class=\"elementor-widget-wrap elementor-element-populated\">\n\t\t\t\t\t\t\t\t<div class=\"elementor-element elementor-element-f4b20af elementor-widget elementor-widget-heading\" data-id=\"f4b20af\" data-element_type=\"widget\" data-widget_type=\"heading.default\">\n\t\t\t\t<div class=\"elementor-widget-container\">\n\t\t\t<h3 class=\"elementor-heading-title elementor-size-medium\">Jak przygotowa\u0107 si\u0119 do\u00a0pierwszej konsultacji u\u00a0dietetyka i\u00a0jak b\u0119dzie przebiega\u0107 wizyta?<\/h3>\t\t<\/div>\n\t\t\t\t<\/div>\n\t\t\t\t\t<\/div>\n\t\t<\/div>\n\t\t\t\t\t\t\t<\/div>\n\t\t<\/section>\n\t\t\t\t<section class=\"elementor-section elementor-top-section elementor-element elementor-element-64fde00 elementor-section-boxed elementor-section-height-default elementor-section-height-default\" data-id=\"64fde00\" data-element_type=\"section\">\n\t\t\t\t\t\t<div class=\"elementor-container elementor-column-gap-default\">\n\t\t\t\t\t<div class=\"elementor-column elementor-col-100 elementor-top-column elementor-element elementor-element-98964c2\" data-id=\"98964c2\" data-element_type=\"column\">\n\t\t\t<div class=\"elementor-widget-wrap elementor-element-populated\">\n\t\t\t\t\t\t\t\t<div class=\"elementor-element elementor-element-95135dc elementor-widget elementor-widget-text-editor\" data-id=\"95135dc\" data-element_type=\"widget\" data-widget_type=\"text-editor.default\">\n\t\t\t\t<div class=\"elementor-widget-container\">\n\t\t\t\t\t\t\t\t<p>Podczas pierwszej wizyty przeprowadzam dok\u0142adny <strong>wywiad \u017cywieniowy,<\/strong> poznaj\u0119 Twoje\u00a0zwyczaje \u017cywieniowe, nawyki i\u00a0<strong>plan dnia<\/strong>. Analizujemy <strong>wyniki bada\u0144 krwi<\/strong>. Wykonujemy <strong>analiz\u0119 sk\u0142adu cia\u0142a<\/strong>, okre\u015blamy mas\u0119 cia\u0142a oraz\u00a0parametry takie jak: zawarto\u015b\u0107 tkanki t\u0142uszczowej, poziom t\u0142uszczu wisceralnego czy mas\u0119 mi\u0119\u015bniow\u0105.<\/p><p>Wsp\u00f3lnie <strong>okre\u015blimy cel naszej wsp\u00f3\u0142pracy.<\/strong> <strong>Podejmujemy decyzj\u0119 na\u00a0temat metod<\/strong> jakimi b\u0119dziemy do\u00a0tego celu d\u0105\u017cy\u0107. Ustalimy np., czy b\u0119dzie to\u00a0indywidualnie skomponowany jad\u0142ospis, czy skupimy si\u0119 na\u00a0poradnictwie \u017cywieniowym i\u00a0szukaniu sposob\u00f3w na\u00a0wprowadzenie modyfikacji w\u00a0Twoim stylu \u017cycia i\u00a0modelu od\u017cywiania.<\/p><p><strong>Wsp\u00f3lnie ustalimy plan dzia\u0142ania.<\/strong><\/p>\t\t\t\t\t\t<\/div>\n\t\t\t\t<\/div>\n\t\t\t\t\t<\/div>\n\t\t<\/div>\n\t\t\t\t\t\t\t<\/div>\n\t\t<\/section>\n\t\t\t\t<section class=\"elementor-section elementor-top-section elementor-element elementor-element-156488b elementor-section-boxed elementor-section-height-default elementor-section-height-default\" data-id=\"156488b\" data-element_type=\"section\">\n\t\t\t\t\t\t<div class=\"elementor-container elementor-column-gap-default\">\n\t\t\t\t\t<div class=\"elementor-column elementor-col-100 elementor-top-column elementor-element elementor-element-c46d27a\" data-id=\"c46d27a\" data-element_type=\"column\">\n\t\t\t<div class=\"elementor-widget-wrap elementor-element-populated\">\n\t\t\t\t\t\t\t\t<div class=\"elementor-element elementor-element-780df15 elementor-view-default elementor-widget elementor-widget-icon\" data-id=\"780df15\" data-element_type=\"widget\" data-widget_type=\"icon.default\">\n\t\t\t\t<div class=\"elementor-widget-container\">\n\t\t\t\t\t<div class=\"elementor-icon-wrapper\">\n\t\t\t<div class=\"elementor-icon\">\n\t\t\t<i aria-hidden=\"true\" class=\"fas fa-user-md\"><\/i>\t\t\t<\/div>\n\t\t<\/div>\n\t\t\t\t<\/div>\n\t\t\t\t<\/div>\n\t\t\t\t\t<\/div>\n\t\t<\/div>\n\t\t\t\t\t\t\t<\/div>\n\t\t<\/section>\n\t\t\t\t<section class=\"elementor-section elementor-top-section elementor-element elementor-element-044576d elementor-section-boxed elementor-section-height-default elementor-section-height-default\" data-id=\"044576d\" data-element_type=\"section\">\n\t\t\t\t\t\t<div class=\"elementor-container elementor-column-gap-default\">\n\t\t\t\t\t<div class=\"elementor-column elementor-col-100 elementor-top-column elementor-element elementor-element-724ebad\" data-id=\"724ebad\" data-element_type=\"column\">\n\t\t\t<div class=\"elementor-widget-wrap elementor-element-populated\">\n\t\t\t\t\t\t\t\t<div class=\"elementor-element elementor-element-77c94c0 elementor-widget elementor-widget-heading\" data-id=\"77c94c0\" data-element_type=\"widget\" data-widget_type=\"heading.default\">\n\t\t\t\t<div class=\"elementor-widget-container\">\n\t\t\t<h2 class=\"elementor-heading-title elementor-size-medium\">Jak b\u0119dzie wygl\u0105da\u0107 nasza wsp\u00f3\u0142praca?<\/h2>\t\t<\/div>\n\t\t\t\t<\/div>\n\t\t\t\t\t<\/div>\n\t\t<\/div>\n\t\t\t\t\t\t\t<\/div>\n\t\t<\/section>\n\t\t\t\t<section class=\"elementor-section elementor-top-section elementor-element elementor-element-63bd704 elementor-section-boxed elementor-section-height-default elementor-section-height-default\" data-id=\"63bd704\" data-element_type=\"section\">\n\t\t\t\t\t\t<div class=\"elementor-container elementor-column-gap-default\">\n\t\t\t\t\t<div class=\"elementor-column elementor-col-50 elementor-top-column elementor-element elementor-element-db5b854\" data-id=\"db5b854\" data-element_type=\"column\">\n\t\t\t<div class=\"elementor-widget-wrap elementor-element-populated\">\n\t\t\t\t\t\t\t\t<div class=\"elementor-element elementor-element-22ae03a elementor-widget elementor-widget-text-editor\" data-id=\"22ae03a\" data-element_type=\"widget\" data-widget_type=\"text-editor.default\">\n\t\t\t\t<div class=\"elementor-widget-container\">\n\t\t\t\t\t\t\t\t<p><strong>Je\u017celi zdecydujesz si\u0119 na\u00a0indywidualnie skomponowany jad\u0142ospis:<\/strong><\/p><p>\u2013 w\u00a0ci\u0105gu 7 dni roboczych otrzymasz \u201eskrojone na\u00a0Twoj\u0105 miar\u0119\u201d menu (b\u0119dzie ono zbudowane w\u00a0oparciu o\u00a0Twoje: preferencje kulinarne, parametry antropometryczne z\u00a0uwzgl\u0119dnieniem ewentualnych chor\u00f3b z\u00a0jakimi si\u0119 zmagasz.<\/p>\t\t\t\t\t\t<\/div>\n\t\t\t\t<\/div>\n\t\t\t\t\t<\/div>\n\t\t<\/div>\n\t\t\t\t<div class=\"elementor-column elementor-col-50 elementor-top-column elementor-element elementor-element-294d672\" data-id=\"294d672\" data-element_type=\"column\">\n\t\t\t<div class=\"elementor-widget-wrap elementor-element-populated\">\n\t\t\t\t\t\t\t\t<div class=\"elementor-element elementor-element-2ce846a elementor-widget elementor-widget-text-editor\" data-id=\"2ce846a\" data-element_type=\"widget\" data-widget_type=\"text-editor.default\">\n\t\t\t\t<div class=\"elementor-widget-container\">\n\t\t\t\t\t\t\t\t<p><strong>Je\u017celi zdecydujesz si\u0119 na\u00a0metod\u0119 poradnictwa \u017cywieniowego i\u00a0korygowania ewentualnych b\u0142\u0119d\u00f3w w\u00a0Twoim zwyczajowym menu:<\/strong><\/p><p>\u2013 w\u00a0ci\u0105gu 2 dni roboczych otrzymasz indywidualne wskaz\u00f3wki i\u00a0zalecenia do\u00a0systematycznego wdra\u017cania.<\/p>\t\t\t\t\t\t<\/div>\n\t\t\t\t<\/div>\n\t\t\t\t\t<\/div>\n\t\t<\/div>\n\t\t\t\t\t\t\t<\/div>\n\t\t<\/section>\n\t\t\t\t<section class=\"elementor-section elementor-top-section elementor-element elementor-element-9c6538c elementor-section-boxed elementor-section-height-default elementor-section-height-default\" data-id=\"9c6538c\" data-element_type=\"section\">\n\t\t\t\t\t\t<div class=\"elementor-container elementor-column-gap-default\">\n\t\t\t\t\t<div class=\"elementor-column elementor-col-33 elementor-top-column elementor-element elementor-element-0b9cd71\" data-id=\"0b9cd71\" data-element_type=\"column\">\n\t\t\t<div class=\"elementor-widget-wrap elementor-element-populated\">\n\t\t\t\t\t\t\t\t<div class=\"elementor-element elementor-element-c77638a elementor-view-default elementor-widget elementor-widget-icon\" data-id=\"c77638a\" data-element_type=\"widget\" data-widget_type=\"icon.default\">\n\t\t\t\t<div class=\"elementor-widget-container\">\n\t\t\t\t\t<div class=\"elementor-icon-wrapper\">\n\t\t\t<div class=\"elementor-icon\">\n\t\t\t<i aria-hidden=\"true\" class=\"far fa-list-alt\"><\/i>\t\t\t<\/div>\n\t\t<\/div>\n\t\t\t\t<\/div>\n\t\t\t\t<\/div>\n\t\t\t\t\t<\/div>\n\t\t<\/div>\n\t\t\t\t<div class=\"elementor-column elementor-col-33 elementor-top-column elementor-element elementor-element-3bcbc3e\" data-id=\"3bcbc3e\" data-element_type=\"column\">\n\t\t\t<div class=\"elementor-widget-wrap elementor-element-populated\">\n\t\t\t\t\t\t\t\t<div class=\"elementor-element elementor-element-edd72c2 elementor-view-default elementor-widget elementor-widget-icon\" data-id=\"edd72c2\" data-element_type=\"widget\" data-widget_type=\"icon.default\">\n\t\t\t\t<div class=\"elementor-widget-container\">\n\t\t\t\t\t<div class=\"elementor-icon-wrapper\">\n\t\t\t<div class=\"elementor-icon\">\n\t\t\t<i aria-hidden=\"true\" class=\"fas fa-apple-alt\"><\/i>\t\t\t<\/div>\n\t\t<\/div>\n\t\t\t\t<\/div>\n\t\t\t\t<\/div>\n\t\t\t\t\t<\/div>\n\t\t<\/div>\n\t\t\t\t<div class=\"elementor-column elementor-col-33 elementor-top-column elementor-element elementor-element-cd4efc3\" data-id=\"cd4efc3\" data-element_type=\"column\">\n\t\t\t<div class=\"elementor-widget-wrap elementor-element-populated\">\n\t\t\t\t\t\t\t\t<div class=\"elementor-element elementor-element-570994e elementor-view-default elementor-widget elementor-widget-icon\" data-id=\"570994e\" data-element_type=\"widget\" data-widget_type=\"icon.default\">\n\t\t\t\t<div class=\"elementor-widget-container\">\n\t\t\t\t\t<div class=\"elementor-icon-wrapper\">\n\t\t\t<div class=\"elementor-icon\">\n\t\t\t<i aria-hidden=\"true\" class=\"fas fa-stethoscope\"><\/i>\t\t\t<\/div>\n\t\t<\/div>\n\t\t\t\t<\/div>\n\t\t\t\t<\/div>\n\t\t\t\t\t<\/div>\n\t\t<\/div>\n\t\t\t\t\t\t\t<\/div>\n\t\t<\/section>\n\t\t\t\t<section class=\"elementor-section elementor-top-section elementor-element elementor-element-cfbefeb elementor-section-boxed elementor-section-height-default elementor-section-height-default\" data-id=\"cfbefeb\" data-element_type=\"section\">\n\t\t\t\t\t\t<div class=\"elementor-container elementor-column-gap-default\">\n\t\t\t\t\t<div class=\"elementor-column elementor-col-100 elementor-top-column elementor-element elementor-element-e2237e7\" data-id=\"e2237e7\" data-element_type=\"column\">\n\t\t\t<div class=\"elementor-widget-wrap elementor-element-populated\">\n\t\t\t\t\t\t\t\t<div class=\"elementor-element elementor-element-e6f6a52 elementor-widget elementor-widget-text-editor\" data-id=\"e6f6a52\" data-element_type=\"widget\" data-widget_type=\"text-editor.default\">\n\t\t\t\t<div class=\"elementor-widget-container\">\n\t\t\t\t\t\t\t\t<p>Obie te metody mog\u0105 si\u0119 wzajemnie uzupe\u0142nia\u0107. Do\u00a0Twojego celu podejdziemy elastycznie. Wa\u017cne, aby na\u00a0bie\u017c\u0105co korygowa\u0107 dzia\u0142ania i\u00a0zapewni\u0107 osi\u0105gni\u0119cie efekt\u00f3w. Czasem warto zacz\u0105\u0107 od\u00a0metody ma\u0142ych krok\u00f3w. Wystarczy sukcesywnie wprowadza\u0107 z\u00a0pozoru drobne modyfikacje, kt\u00f3re w\u00a0perspektywie czasu daj\u0105 du\u017cy efekt. Jest to\u00a0dobry spos\u00f3b na\u00a0unikni\u0119cie nadmiernego napi\u0119cia i\u00a0stresu, kt\u00f3ry\u00a0zazwyczaj towarzyszy diametralnym zmianom.<\/p><p><strong>Pami\u0119taj, \u017ce\u00a0gotowy jad\u0142ospis, ma by\u0107 dla Ciebie szablonem, kt\u00f3ry\u00a0w\u00a0perspektywie czasu wyrobi w\u00a0Tobie nawyk i\u00a0umiej\u0119tno\u015b\u0107 prawid\u0142owego od\u017cywiania si\u0119.<\/strong>\u00a0Jad\u0142ospis obrazuje ilo\u015b\u0107 posi\u0142k\u00f3w, ich obj\u0119to\u015b\u0107 i\u00a0wskazuje warto\u015bciowe produkty z\u00a0kt\u00f3rych warto budowa\u0107 swoje menu w\u00a0przysz\u0142o\u015bci.<\/p>\t\t\t\t\t\t<\/div>\n\t\t\t\t<\/div>\n\t\t\t\t\t<\/div>\n\t\t<\/div>\n\t\t\t\t\t\t\t<\/div>\n\t\t<\/section>\n\t\t\t\t<section class=\"elementor-section elementor-top-section elementor-element elementor-element-76f2e9a elementor-section-boxed elementor-section-height-default elementor-section-height-default\" data-id=\"76f2e9a\" data-element_type=\"section\">\n\t\t\t\t\t\t<div class=\"elementor-container elementor-column-gap-default\">\n\t\t\t\t\t<div class=\"elementor-column elementor-col-100 elementor-top-column elementor-element elementor-element-67b59e0\" data-id=\"67b59e0\" data-element_type=\"column\">\n\t\t\t<div class=\"elementor-widget-wrap elementor-element-populated\">\n\t\t\t\t\t\t\t\t<div class=\"elementor-element elementor-element-b7b6894 elementor-widget elementor-widget-heading\" data-id=\"b7b6894\" data-element_type=\"widget\" data-widget_type=\"heading.default\">\n\t\t\t\t<div class=\"elementor-widget-container\">\n\t\t\t<h2 class=\"elementor-heading-title elementor-size-medium\">Co warto mie\u0107 przy sobie podczas pierwszej wizyty?<\/h2>\t\t<\/div>\n\t\t\t\t<\/div>\n\t\t\t\t\t<\/div>\n\t\t<\/div>\n\t\t\t\t\t\t\t<\/div>\n\t\t<\/section>\n\t\t\t\t<section class=\"elementor-section elementor-top-section elementor-element elementor-element-d5d3292 elementor-section-boxed elementor-section-height-default elementor-section-height-default\" data-id=\"d5d3292\" data-element_type=\"section\">\n\t\t\t\t\t\t<div class=\"elementor-container elementor-column-gap-default\">\n\t\t\t\t\t<div class=\"elementor-column elementor-col-33 elementor-top-column elementor-element elementor-element-ca2364b\" data-id=\"ca2364b\" data-element_type=\"column\">\n\t\t\t<div class=\"elementor-widget-wrap elementor-element-populated\">\n\t\t\t\t\t\t\t\t<div class=\"elementor-element elementor-element-6f25905 elementor-view-default elementor-widget elementor-widget-icon\" data-id=\"6f25905\" data-element_type=\"widget\" data-widget_type=\"icon.default\">\n\t\t\t\t<div class=\"elementor-widget-container\">\n\t\t\t\t\t<div class=\"elementor-icon-wrapper\">\n\t\t\t<div class=\"elementor-icon\">\n\t\t\t<i aria-hidden=\"true\" class=\"fas fa-syringe\"><\/i>\t\t\t<\/div>\n\t\t<\/div>\n\t\t\t\t<\/div>\n\t\t\t\t<\/div>\n\t\t\t\t\t<\/div>\n\t\t<\/div>\n\t\t\t\t<div class=\"elementor-column elementor-col-66 elementor-top-column elementor-element elementor-element-8fc6772\" data-id=\"8fc6772\" data-element_type=\"column\">\n\t\t\t<div class=\"elementor-widget-wrap elementor-element-populated\">\n\t\t\t\t\t\t\t\t<div class=\"elementor-element elementor-element-42ad57c elementor-widget elementor-widget-text-editor\" data-id=\"42ad57c\" data-element_type=\"widget\" data-widget_type=\"text-editor.default\">\n\t\t\t\t<div class=\"elementor-widget-container\">\n\t\t\t\t\t\t\t\t<p><strong>Wyniki bada\u0144 krwi:<\/strong><\/p><ul><li>morfologia<\/li><li>glukoza i insulina na czczo<\/li><li>cholesterol ca\u0142kowity, HLD, LDL, tr\u00f3jglicerydy<\/li><li>w przypadku zdiagnozowanych chor\u00f3b przewlek\u0142ych dodatkowe badania (np. choroby tarczycy: TSH, Ft3, Ft4).<\/li><\/ul>\t\t\t\t\t\t<\/div>\n\t\t\t\t<\/div>\n\t\t\t\t\t<\/div>\n\t\t<\/div>\n\t\t\t\t\t\t\t<\/div>\n\t\t<\/section>\n\t\t\t\t<section class=\"elementor-section elementor-top-section elementor-element elementor-element-46efeb1 elementor-section-boxed elementor-section-height-default elementor-section-height-default\" data-id=\"46efeb1\" data-element_type=\"section\">\n\t\t\t\t\t\t<div class=\"elementor-container elementor-column-gap-default\">\n\t\t\t\t\t<div class=\"elementor-column elementor-col-33 elementor-top-column elementor-element elementor-element-2ab870e\" data-id=\"2ab870e\" data-element_type=\"column\">\n\t\t\t<div class=\"elementor-widget-wrap elementor-element-populated\">\n\t\t\t\t\t\t\t\t<div class=\"elementor-element elementor-element-fe88700 elementor-view-default elementor-widget elementor-widget-icon\" data-id=\"fe88700\" data-element_type=\"widget\" data-widget_type=\"icon.default\">\n\t\t\t\t<div class=\"elementor-widget-container\">\n\t\t\t\t\t<div class=\"elementor-icon-wrapper\">\n\t\t\t<div class=\"elementor-icon\">\n\t\t\t<i aria-hidden=\"true\" class=\"fas fa-book-open\"><\/i>\t\t\t<\/div>\n\t\t<\/div>\n\t\t\t\t<\/div>\n\t\t\t\t<\/div>\n\t\t\t\t\t<\/div>\n\t\t<\/div>\n\t\t\t\t<div class=\"elementor-column elementor-col-66 elementor-top-column elementor-element elementor-element-f820012\" data-id=\"f820012\" data-element_type=\"column\">\n\t\t\t<div class=\"elementor-widget-wrap elementor-element-populated\">\n\t\t\t\t\t\t\t\t<div class=\"elementor-element elementor-element-4bdc454 elementor-widget elementor-widget-text-editor\" data-id=\"4bdc454\" data-element_type=\"widget\" data-widget_type=\"text-editor.default\">\n\t\t\t\t<div class=\"elementor-widget-container\">\n\t\t\t\t\t\t\t\t<p><strong>Dzienniczek \u017cywieniowy:<\/strong><\/p><ul><li>przed pierwsz\u0105 wizyt\u0105 warto prowadzi\u0107 tzw. dzienniczek \u017cywieniowy (spisanie dok\u0142adnego 3 dniowego menu pozwoli precyzyjnie dopasowa\u0107 zalecenia lub nowy jad\u0142ospis do Twoich potrzeb).<\/li><li>dzienniczek mo\u017cesz prowadzi\u0107 w dowolnej formie: na kartce, w telefonie, komputerze, mo\u017cesz tak\u017ce fotografowa\u0107 swoje wszystkie posi\u0142ki.<\/li><\/ul>\t\t\t\t\t\t<\/div>\n\t\t\t\t<\/div>\n\t\t\t\t\t<\/div>\n\t\t<\/div>\n\t\t\t\t\t\t\t<\/div>\n\t\t<\/section>\n\t\t\t\t\t\t<\/div>\n\t\t\t\t\t<\/div>\n\t\t","protected":false},"excerpt":{"rendered":"<p>ZADZWO\u0143 790 385 759 Jak przygotowa\u0107 si\u0119 do\u00a0pierwszej konsultacji u\u00a0dietetyka i\u00a0jak b\u0119dzie przebiega\u0107 wizyta? Podczas pierwszej wizyty przeprowadzam dok\u0142adny wywiad \u017cywieniowy, poznaj\u0119 Twoje\u00a0zwyczaje \u017cywieniowe, nawyki i\u00a0plan dnia. Analizujemy wyniki bada\u0144 krwi. Wykonujemy analiz\u0119 sk\u0142adu cia\u0142a, okre\u015blamy mas\u0119 cia\u0142a oraz\u00a0parametry takie jak: zawarto\u015b\u0107 tkanki t\u0142uszczowej, poziom [&hellip;]<\/p>\n","protected":false},"author":1,"featured_media":0,"parent":0,"menu_order":0,"comment_status":"closed","ping_status":"closed","template":"","meta":{"footnotes":""},"class_list":["post-384","page","type-page","status-publish","hentry"],"yoast_head":"<!-- This site is optimized with the Yoast SEO plugin v16.2 - https:\/\/yoast.com\/wordpress\/plugins\/seo\/ -->\n<title>W gabinecie dietetyka... - DIETETYK<\/title>\n<meta name=\"description\" content=\"diety lecznicze, dietetyka kliniczna, leczenie nadwagi, profilaktyka zdrowego \u017cywienia, dieta, odchudzanie\" \/>\n<meta name=\"robots\" content=\"index, follow, max-snippet:-1, max-image-preview:large, max-video-preview:-1\" \/>\n<link rel=\"canonical\" href=\"https:\/\/dietetykgdynia.com\/?page_id=384\" \/>\n<meta property=\"og:locale\" content=\"en_US\" \/>\n<meta property=\"og:type\" content=\"article\" \/>\n<meta property=\"og:title\" content=\"W gabinecie dietetyka... - DIETETYK\" \/>\n<meta property=\"og:description\" content=\"diety lecznicze, dietetyka kliniczna, leczenie nadwagi, profilaktyka zdrowego \u017cywienia, dieta, odchudzanie\" \/>\n<meta property=\"og:url\" content=\"https:\/\/dietetykgdynia.com\/?page_id=384\" \/>\n<meta property=\"og:site_name\" content=\"DIETETYK\" \/>\n<meta property=\"article:modified_time\" content=\"2021-06-11T09:18:45+00:00\" \/>\n<meta name=\"twitter:card\" content=\"summary_large_image\" \/>\n<meta name=\"twitter:label1\" content=\"Est. reading time\">\n\t<meta name=\"twitter:data1\" content=\"2 minutes\">\n<script type=\"application\/ld+json\" class=\"yoast-schema-graph\">{\"@context\":\"https:\/\/schema.org\",\"@graph\":[{\"@type\":\"WebSite\",\"@id\":\"https:\/\/dietetykgdynia.com\/#website\",\"url\":\"https:\/\/dietetykgdynia.com\/\",\"name\":\"DIETETYK\",\"description\":\"Gdynia, ul. Falista 16\/11\",\"potentialAction\":[{\"@type\":\"SearchAction\",\"target\":\"https:\/\/dietetykgdynia.com\/?s={search_term_string}\",\"query-input\":\"required name=search_term_string\"}],\"inLanguage\":\"en-US\"},{\"@type\":\"WebPage\",\"@id\":\"https:\/\/dietetykgdynia.com\/?page_id=384#webpage\",\"url\":\"https:\/\/dietetykgdynia.com\/?page_id=384\",\"name\":\"W gabinecie dietetyka... - DIETETYK\",\"isPartOf\":{\"@id\":\"https:\/\/dietetykgdynia.com\/#website\"},\"datePublished\":\"2021-05-21T11:05:35+00:00\",\"dateModified\":\"2021-06-11T09:18:45+00:00\",\"description\":\"diety lecznicze, dietetyka kliniczna, leczenie nadwagi, profilaktyka zdrowego \\u017cywienia, dieta, odchudzanie\",\"breadcrumb\":{\"@id\":\"https:\/\/dietetykgdynia.com\/?page_id=384#breadcrumb\"},\"inLanguage\":\"en-US\",\"potentialAction\":[{\"@type\":\"ReadAction\",\"target\":[\"https:\/\/dietetykgdynia.com\/?page_id=384\"]}]},{\"@type\":\"BreadcrumbList\",\"@id\":\"https:\/\/dietetykgdynia.com\/?page_id=384#breadcrumb\",\"itemListElement\":[{\"@type\":\"ListItem\",\"position\":1,\"item\":{\"@type\":\"WebPage\",\"@id\":\"https:\/\/dietetykgdynia.com\/\",\"url\":\"https:\/\/dietetykgdynia.com\/\",\"name\":\"Home\"}},{\"@type\":\"ListItem\",\"position\":2,\"item\":{\"@id\":\"https:\/\/dietetykgdynia.com\/?page_id=384#webpage\"}}]}]}<\/script>\n<!-- \/ Yoast SEO plugin. -->","_links":{"self":[{"href":"https:\/\/dietetykgdynia.com\/index.php?rest_route=\/wp\/v2\/pages\/384","targetHints":{"allow":["GET"]}}],"collection":[{"href":"https:\/\/dietetykgdynia.com\/index.php?rest_route=\/wp\/v2\/pages"}],"about":[{"href":"https:\/\/dietetykgdynia.com\/index.php?rest_route=\/wp\/v2\/types\/page"}],"author":[{"embeddable":true,"href":"https:\/\/dietetykgdynia.com\/index.php?rest_route=\/wp\/v2\/users\/1"}],"replies":[{"embeddable":true,"href":"https:\/\/dietetykgdynia.com\/index.php?rest_route=%2Fwp%2Fv2%2Fcomments&post=384"}],"version-history":[{"count":94,"href":"https:\/\/dietetykgdynia.com\/index.php?rest_route=\/wp\/v2\/pages\/384\/revisions"}],"predecessor-version":[{"id":876,"href":"https:\/\/dietetykgdynia.com\/index.php?rest_route=\/wp\/v2\/pages\/384\/revisions\/876"}],"wp:attachment":[{"href":"https:\/\/dietetykgdynia.com\/index.php?rest_route=%2Fwp%2Fv2%2Fmedia&parent=384"}],"curies":[{"name":"wp","href":"https:\/\/api.w.org\/{rel}","templated":true}]}}