{"id":489,"date":"2021-05-28T11:25:26","date_gmt":"2021-05-28T09:25:26","guid":{"rendered":"http:\/\/dietetykgdynia.com\/?page_id=489"},"modified":"2021-06-11T11:20:08","modified_gmt":"2021-06-11T09:20:08","slug":"wspomaganie-leczenia-chorob-dietozaleznych","status":"publish","type":"page","link":"https:\/\/dietetykgdynia.com\/?page_id=489","title":{"rendered":"Wspomaganie leczenia chor\u00f3b dietozale\u017cnych"},"content":{"rendered":"\t\t<div data-elementor-type=\"wp-page\" data-elementor-id=\"489\" class=\"elementor elementor-489\" data-elementor-settings=\"[]\">\n\t\t\t\t\t\t\t<div class=\"elementor-section-wrap\">\n\t\t\t\t\t\t\t<section class=\"elementor-section elementor-top-section elementor-element elementor-element-897612f elementor-section-boxed elementor-section-height-default elementor-section-height-default\" data-id=\"897612f\" data-element_type=\"section\">\n\t\t\t\t\t\t<div class=\"elementor-container elementor-column-gap-default\">\n\t\t\t\t\t<div class=\"elementor-column elementor-col-100 elementor-top-column elementor-element elementor-element-6f6b4eb\" data-id=\"6f6b4eb\" data-element_type=\"column\">\n\t\t\t<div class=\"elementor-widget-wrap elementor-element-populated\">\n\t\t\t\t\t\t\t\t<div class=\"elementor-element elementor-element-2d93439 elementor-button-info elementor-align-center elementor-widget elementor-widget-button\" data-id=\"2d93439\" data-element_type=\"widget\" data-widget_type=\"button.default\">\n\t\t\t\t<div class=\"elementor-widget-container\">\n\t\t\t\t\t<div class=\"elementor-button-wrapper\">\n\t\t\t<a href=\"tel:+48790385759\" class=\"elementor-button-link elementor-button elementor-size-sm\" role=\"button\">\n\t\t\t\t\t\t<span class=\"elementor-button-content-wrapper\">\n\t\t\t\t\t\t<span class=\"elementor-button-icon elementor-align-icon-left\">\n\t\t\t\t<i aria-hidden=\"true\" class=\"fas fa-phone-alt\"><\/i>\t\t\t<\/span>\n\t\t\t\t\t\t<span class=\"elementor-button-text\">UM\u00d3W WIZYT\u0118 790 385 759<\/span>\n\t\t<\/span>\n\t\t\t\t\t<\/a>\n\t\t<\/div>\n\t\t\t\t<\/div>\n\t\t\t\t<\/div>\n\t\t\t\t\t<\/div>\n\t\t<\/div>\n\t\t\t\t\t\t\t<\/div>\n\t\t<\/section>\n\t\t\t\t<section class=\"elementor-section elementor-top-section elementor-element elementor-element-2412bd65 elementor-section-boxed elementor-section-height-default elementor-section-height-default\" data-id=\"2412bd65\" data-element_type=\"section\">\n\t\t\t\t\t\t<div class=\"elementor-container elementor-column-gap-default\">\n\t\t\t\t\t<div class=\"elementor-column elementor-col-100 elementor-top-column elementor-element elementor-element-7f9dc930\" data-id=\"7f9dc930\" data-element_type=\"column\">\n\t\t\t<div class=\"elementor-widget-wrap elementor-element-populated\">\n\t\t\t\t\t\t\t\t<div class=\"elementor-element elementor-element-6049edf8 elementor-widget elementor-widget-text-editor\" data-id=\"6049edf8\" data-element_type=\"widget\" data-widget_type=\"text-editor.default\">\n\t\t\t\t<div class=\"elementor-widget-container\">\n\t\t\t\t\t\t\t\t<table>\n<tbody>\n<tr>\n<td>\n<p><strong>NIEFARMAKOLOGICZNE LECZENIE NADWAGI I OTY\u0141O\u015aCI<\/strong><\/p>\n<\/td>\n<\/tr>\n<tr>\n<td>\n<p><strong>\u017bYWIENIE W JEDNOSTKACH CHOROBOWYCH<\/strong><\/p>\n<\/td>\n<\/tr>\n<tr>\n<td>\n<p>Choroby tarczycy (hashimoto, niedoczynno\u015b\u0107, nadczynno\u015b\u0107)<\/p>\n<\/td>\n<\/tr>\n<tr>\n<td>\n<p>Insulinooporno\u015b\u0107<\/p>\n<\/td>\n<\/tr>\n<tr>\n<td>\n<p>Hipercholesterolemie, nieprawid\u0142owe poziomy cholesterolu i tr\u00f3jgliceryd\u00f3w we krwi<\/p>\n<\/td>\n<\/tr>\n<tr>\n<td>\n<p>Nadci\u015bnienie t\u0119tnicze<\/p>\n<\/td>\n<\/tr>\n<tr>\n<td>\n<p>Tr\u0105dzik<\/p>\n<\/td>\n<\/tr>\n<tr>\n<td>\n<p><strong>DYSFUNKCJE PRACY PRZEWODU POKARMOWEGO<\/strong><\/p>\n<\/td>\n<\/tr>\n<tr>\n<td>\n<p>Refluks<\/p>\n<\/td>\n<\/tr>\n<tr>\n<td>\n<p>Biegunki, zaparcia<\/p>\n<\/td>\n<\/tr>\n<tr>\n<td>\n<p>Nieswoiste choroby zapalne jelit<\/p>\n<\/td>\n<\/tr>\n<tr>\n<td>\n<p>SIBO, IBS<\/p>\n<\/td>\n<\/tr>\n<\/tbody>\n<\/table>\t\t\t\t\t\t<\/div>\n\t\t\t\t<\/div>\n\t\t\t\t\t<\/div>\n\t\t<\/div>\n\t\t\t\t\t\t\t<\/div>\n\t\t<\/section>\n\t\t\t\t\t\t<\/div>\n\t\t\t\t\t<\/div>\n\t\t","protected":false},"excerpt":{"rendered":"<p>UM\u00d3W WIZYT\u0118 790 385 759 NIEFARMAKOLOGICZNE LECZENIE NADWAGI I OTY\u0141O\u015aCI \u017bYWIENIE W JEDNOSTKACH CHOROBOWYCH Choroby tarczycy (hashimoto, niedoczynno\u015b\u0107, nadczynno\u015b\u0107) Insulinooporno\u015b\u0107 Hipercholesterolemie, nieprawid\u0142owe poziomy cholesterolu i tr\u00f3jgliceryd\u00f3w we krwi Nadci\u015bnienie t\u0119tnicze Tr\u0105dzik DYSFUNKCJE PRACY PRZEWODU POKARMOWEGO Refluks Biegunki, zaparcia Nieswoiste choroby zapalne jelit SIBO, IBS<\/p>\n","protected":false},"author":1,"featured_media":0,"parent":0,"menu_order":0,"comment_status":"closed","ping_status":"closed","template":"","meta":{"footnotes":""},"class_list":["post-489","page","type-page","status-publish","hentry"],"yoast_head":"<!-- This site is optimized with the Yoast SEO plugin v16.2 - https:\/\/yoast.com\/wordpress\/plugins\/seo\/ -->\n<title>Wspomaganie leczenia chor\u00f3b dietozale\u017cnych - DIETETYK<\/title>\n<meta name=\"robots\" content=\"index, follow, max-snippet:-1, max-image-preview:large, max-video-preview:-1\" \/>\n<link rel=\"canonical\" href=\"https:\/\/dietetykgdynia.com\/?page_id=489\" \/>\n<meta property=\"og:locale\" content=\"en_US\" \/>\n<meta property=\"og:type\" content=\"article\" \/>\n<meta property=\"og:title\" content=\"Wspomaganie leczenia chor\u00f3b dietozale\u017cnych - DIETETYK\" \/>\n<meta property=\"og:description\" content=\"UM\u00d3W WIZYT\u0118 790 385 759 NIEFARMAKOLOGICZNE LECZENIE NADWAGI I OTY\u0141O\u015aCI \u017bYWIENIE W JEDNOSTKACH CHOROBOWYCH Choroby tarczycy (hashimoto, niedoczynno\u015b\u0107, nadczynno\u015b\u0107) Insulinooporno\u015b\u0107 Hipercholesterolemie, nieprawid\u0142owe poziomy cholesterolu i tr\u00f3jgliceryd\u00f3w we krwi Nadci\u015bnienie t\u0119tnicze Tr\u0105dzik DYSFUNKCJE PRACY PRZEWODU POKARMOWEGO Refluks Biegunki, zaparcia Nieswoiste choroby zapalne jelit SIBO, IBS\" \/>\n<meta property=\"og:url\" content=\"https:\/\/dietetykgdynia.com\/?page_id=489\" \/>\n<meta property=\"og:site_name\" content=\"DIETETYK\" \/>\n<meta property=\"article:modified_time\" content=\"2021-06-11T09:20:08+00:00\" \/>\n<meta name=\"twitter:card\" content=\"summary_large_image\" \/>\n<meta name=\"twitter:label1\" content=\"Est. reading time\">\n\t<meta name=\"twitter:data1\" content=\"1 minute\">\n<script type=\"application\/ld+json\" class=\"yoast-schema-graph\">{\"@context\":\"https:\/\/schema.org\",\"@graph\":[{\"@type\":\"WebSite\",\"@id\":\"https:\/\/dietetykgdynia.com\/#website\",\"url\":\"https:\/\/dietetykgdynia.com\/\",\"name\":\"DIETETYK\",\"description\":\"Gdynia, ul. Falista 16\/11\",\"potentialAction\":[{\"@type\":\"SearchAction\",\"target\":\"https:\/\/dietetykgdynia.com\/?s={search_term_string}\",\"query-input\":\"required name=search_term_string\"}],\"inLanguage\":\"en-US\"},{\"@type\":\"WebPage\",\"@id\":\"https:\/\/dietetykgdynia.com\/?page_id=489#webpage\",\"url\":\"https:\/\/dietetykgdynia.com\/?page_id=489\",\"name\":\"Wspomaganie leczenia chor\\u00f3b dietozale\\u017cnych - DIETETYK\",\"isPartOf\":{\"@id\":\"https:\/\/dietetykgdynia.com\/#website\"},\"datePublished\":\"2021-05-28T09:25:26+00:00\",\"dateModified\":\"2021-06-11T09:20:08+00:00\",\"breadcrumb\":{\"@id\":\"https:\/\/dietetykgdynia.com\/?page_id=489#breadcrumb\"},\"inLanguage\":\"en-US\",\"potentialAction\":[{\"@type\":\"ReadAction\",\"target\":[\"https:\/\/dietetykgdynia.com\/?page_id=489\"]}]},{\"@type\":\"BreadcrumbList\",\"@id\":\"https:\/\/dietetykgdynia.com\/?page_id=489#breadcrumb\",\"itemListElement\":[{\"@type\":\"ListItem\",\"position\":1,\"item\":{\"@type\":\"WebPage\",\"@id\":\"https:\/\/dietetykgdynia.com\/\",\"url\":\"https:\/\/dietetykgdynia.com\/\",\"name\":\"Home\"}},{\"@type\":\"ListItem\",\"position\":2,\"item\":{\"@id\":\"https:\/\/dietetykgdynia.com\/?page_id=489#webpage\"}}]}]}<\/script>\n<!-- \/ Yoast SEO plugin. -->","_links":{"self":[{"href":"https:\/\/dietetykgdynia.com\/index.php?rest_route=\/wp\/v2\/pages\/489","targetHints":{"allow":["GET"]}}],"collection":[{"href":"https:\/\/dietetykgdynia.com\/index.php?rest_route=\/wp\/v2\/pages"}],"about":[{"href":"https:\/\/dietetykgdynia.com\/index.php?rest_route=\/wp\/v2\/types\/page"}],"author":[{"embeddable":true,"href":"https:\/\/dietetykgdynia.com\/index.php?rest_route=\/wp\/v2\/users\/1"}],"replies":[{"embeddable":true,"href":"https:\/\/dietetykgdynia.com\/index.php?rest_route=%2Fwp%2Fv2%2Fcomments&post=489"}],"version-history":[{"count":15,"href":"https:\/\/dietetykgdynia.com\/index.php?rest_route=\/wp\/v2\/pages\/489\/revisions"}],"predecessor-version":[{"id":879,"href":"https:\/\/dietetykgdynia.com\/index.php?rest_route=\/wp\/v2\/pages\/489\/revisions\/879"}],"wp:attachment":[{"href":"https:\/\/dietetykgdynia.com\/index.php?rest_route=%2Fwp%2Fv2%2Fmedia&parent=489"}],"curies":[{"name":"wp","href":"https:\/\/api.w.org\/{rel}","templated":true}]}}