{"id":68,"date":"2021-05-17T09:49:27","date_gmt":"2021-05-17T07:49:27","guid":{"rendered":"http:\/\/dietetykgdynia.com\/?page_id=68"},"modified":"2024-05-22T11:59:45","modified_gmt":"2024-05-22T09:59:45","slug":"cennik","status":"publish","type":"page","link":"https:\/\/dietetykgdynia.com\/?page_id=68","title":{"rendered":"CENNIK"},"content":{"rendered":"\t\t<div data-elementor-type=\"wp-page\" data-elementor-id=\"68\" class=\"elementor elementor-68\" data-elementor-settings=\"[]\">\n\t\t\t\t\t\t\t<div class=\"elementor-section-wrap\">\n\t\t\t\t\t\t\t<section class=\"elementor-section elementor-top-section elementor-element elementor-element-bff4bcf elementor-section-boxed elementor-section-height-default elementor-section-height-default\" data-id=\"bff4bcf\" data-element_type=\"section\">\n\t\t\t\t\t\t<div class=\"elementor-container elementor-column-gap-default\">\n\t\t\t\t\t<div class=\"elementor-column elementor-col-50 elementor-top-column elementor-element elementor-element-c6c0623\" data-id=\"c6c0623\" data-element_type=\"column\">\n\t\t\t<div class=\"elementor-widget-wrap elementor-element-populated\">\n\t\t\t\t\t\t\t\t<div class=\"elementor-element elementor-element-29b0153 elementor-button-info elementor-align-center elementor-widget elementor-widget-button\" data-id=\"29b0153\" data-element_type=\"widget\" data-widget_type=\"button.default\">\n\t\t\t\t<div class=\"elementor-widget-container\">\n\t\t\t\t\t<div class=\"elementor-button-wrapper\">\n\t\t\t<a href=\"tel:+48790385759\" class=\"elementor-button-link elementor-button elementor-size-sm\" role=\"button\">\n\t\t\t\t\t\t<span class=\"elementor-button-content-wrapper\">\n\t\t\t\t\t\t<span class=\"elementor-button-icon elementor-align-icon-left\">\n\t\t\t\t<i aria-hidden=\"true\" class=\"fas fa-phone-alt\"><\/i>\t\t\t<\/span>\n\t\t\t\t\t\t<span class=\"elementor-button-text\">Konsultacje stacjonane i on-line<\/span>\n\t\t<\/span>\n\t\t\t\t\t<\/a>\n\t\t<\/div>\n\t\t\t\t<\/div>\n\t\t\t\t<\/div>\n\t\t\t\t\t<\/div>\n\t\t<\/div>\n\t\t\t\t<div class=\"elementor-column elementor-col-50 elementor-top-column elementor-element elementor-element-0a990ce\" data-id=\"0a990ce\" data-element_type=\"column\">\n\t\t\t<div class=\"elementor-widget-wrap elementor-element-populated\">\n\t\t\t\t\t\t\t\t<div class=\"elementor-element elementor-element-ce1ac00 elementor-button-info elementor-align-center elementor-widget elementor-widget-button\" data-id=\"ce1ac00\" data-element_type=\"widget\" data-widget_type=\"button.default\">\n\t\t\t\t<div class=\"elementor-widget-container\">\n\t\t\t\t\t<div class=\"elementor-button-wrapper\">\n\t\t\t<a href=\"tel:+48790385759\" class=\"elementor-button-link elementor-button elementor-size-sm\" role=\"button\">\n\t\t\t\t\t\t<span class=\"elementor-button-content-wrapper\">\n\t\t\t\t\t\t<span class=\"elementor-button-icon elementor-align-icon-left\">\n\t\t\t\t<i aria-hidden=\"true\" class=\"fas fa-phone-alt\"><\/i>\t\t\t<\/span>\n\t\t\t\t\t\t<span class=\"elementor-button-text\">UM\u00d3W WIZYT\u0118 790 385 759<\/span>\n\t\t<\/span>\n\t\t\t\t\t<\/a>\n\t\t<\/div>\n\t\t\t\t<\/div>\n\t\t\t\t<\/div>\n\t\t\t\t\t<\/div>\n\t\t<\/div>\n\t\t\t\t\t\t\t<\/div>\n\t\t<\/section>\n\t\t\t\t<section class=\"elementor-section elementor-top-section elementor-element elementor-element-90c78d3 elementor-section-boxed elementor-section-height-default elementor-section-height-default\" data-id=\"90c78d3\" data-element_type=\"section\">\n\t\t\t\t\t\t<div class=\"elementor-container elementor-column-gap-default\">\n\t\t\t\t\t<div class=\"elementor-column elementor-col-100 elementor-top-column elementor-element elementor-element-ab29153\" data-id=\"ab29153\" data-element_type=\"column\">\n\t\t\t<div class=\"elementor-widget-wrap elementor-element-populated\">\n\t\t\t\t\t\t\t\t<div class=\"elementor-element elementor-element-1f14464 elementor-widget elementor-widget-text-editor\" data-id=\"1f14464\" data-element_type=\"widget\" data-widget_type=\"text-editor.default\">\n\t\t\t\t<div class=\"elementor-widget-container\">\n\t\t\t\t\t\t\t\t<table><tbody><tr><td><p>*<strong>konsultacja:<\/strong> wywiad \u017cywieniowy, analiza sk\u0142adu cia\u0142a, zalecenia dietetyczne bez jad\u0142ospisu <strong>1-1,5h (200z\u0142)<\/strong><\/p><\/td><\/tr><tr><td><p>*<strong>indywidualny plan \u017cywieniowy:<\/strong>\u00a0konsultacja + 7\u2011dniowe menu z\u00a0zaleceniami \u2013\u00a0<strong>(350z\u0142)<\/strong><\/p><\/td><\/tr><tr><td><p>*<strong>pakiet dla pary:<\/strong>\u00a0konsultacja 2 os\u00f3b jednocze\u015bnie + wsp\u00f3lny 7 dniowy jad\u0142ospis dla 2 os\u00f3b \u2013\u00a0<strong>(400 z\u0142)<\/strong><\/p><\/td><\/tr><tr><td><p>*<strong>pakiet dla pary:<\/strong>\u00a0konsultacja 2 os\u00f3b jednocze\u015bnie + 7 dniowy jad\u0142ospis dla 2 os\u00f3b w wsp\u00f3ln\u0105 baz\u0105, (1 inny posi\u0142ek dziennie) \u2013\u00a0<strong>(450 z\u0142)<\/strong><\/p><\/td><\/tr><tr><td><p>*<strong>wymiana posi\u0142ku\u00a0<\/strong>z\u00a0gotowego jad\u0142ospisu na\u00a0\u017cyczenia Klienta \u2013<strong>\u00a0(10z\u0142)\u00a0<\/strong>za\u00a0ka\u017cd\u0105 modyfikacj\u0119<\/p><\/td><\/tr><tr><td><p>*<strong>wizyta kontrolna\u00a0<\/strong>(bez nowego jad\u0142ospisu) \u2013<strong> (200z\u0142)\u00a0<\/strong><\/p><\/td><\/tr><\/tbody><\/table>\t\t\t\t\t\t<\/div>\n\t\t\t\t<\/div>\n\t\t\t\t\t<\/div>\n\t\t<\/div>\n\t\t\t\t\t\t\t<\/div>\n\t\t<\/section>\n\t\t\t\t\t\t<\/div>\n\t\t\t\t\t<\/div>\n\t\t","protected":false},"excerpt":{"rendered":"<p>Konsultacje stacjonane i on-line UM\u00d3W WIZYT\u0118 790 385 759 *konsultacja: wywiad \u017cywieniowy, analiza sk\u0142adu cia\u0142a, zalecenia dietetyczne bez jad\u0142ospisu 1-1,5h (200z\u0142) *indywidualny plan \u017cywieniowy:\u00a0konsultacja + 7\u2011dniowe menu z\u00a0zaleceniami \u2013\u00a0(350z\u0142) *pakiet dla pary:\u00a0konsultacja 2 os\u00f3b jednocze\u015bnie + wsp\u00f3lny 7 dniowy jad\u0142ospis dla 2 os\u00f3b \u2013\u00a0(400 z\u0142) [&hellip;]<\/p>\n","protected":false},"author":1,"featured_media":0,"parent":0,"menu_order":0,"comment_status":"closed","ping_status":"closed","template":"","meta":{"footnotes":""},"class_list":["post-68","page","type-page","status-publish","hentry"],"yoast_head":"<!-- This site is optimized with the Yoast SEO plugin v16.2 - https:\/\/yoast.com\/wordpress\/plugins\/seo\/ -->\n<title>CENNIK - DIETETYK<\/title>\n<meta name=\"robots\" content=\"index, follow, max-snippet:-1, max-image-preview:large, max-video-preview:-1\" \/>\n<link rel=\"canonical\" href=\"https:\/\/dietetykgdynia.com\/?page_id=68\" \/>\n<meta property=\"og:locale\" content=\"en_US\" \/>\n<meta property=\"og:type\" content=\"article\" \/>\n<meta property=\"og:title\" content=\"CENNIK - DIETETYK\" \/>\n<meta property=\"og:description\" content=\"Konsultacje stacjonane i on-line UM\u00d3W WIZYT\u0118 790 385 759 *konsultacja: wywiad \u017cywieniowy, analiza sk\u0142adu cia\u0142a, zalecenia dietetyczne bez jad\u0142ospisu 1-1,5h (200z\u0142) *indywidualny plan \u017cywieniowy:\u00a0konsultacja + 7\u2011dniowe menu z\u00a0zaleceniami \u2013\u00a0(350z\u0142) *pakiet dla pary:\u00a0konsultacja 2 os\u00f3b jednocze\u015bnie + wsp\u00f3lny 7 dniowy jad\u0142ospis dla 2 os\u00f3b \u2013\u00a0(400 z\u0142) [&hellip;]\" \/>\n<meta property=\"og:url\" content=\"https:\/\/dietetykgdynia.com\/?page_id=68\" \/>\n<meta property=\"og:site_name\" content=\"DIETETYK\" \/>\n<meta property=\"article:modified_time\" content=\"2024-05-22T09:59:45+00:00\" \/>\n<meta name=\"twitter:card\" content=\"summary_large_image\" \/>\n<meta name=\"twitter:label1\" content=\"Est. reading time\">\n\t<meta name=\"twitter:data1\" content=\"1 minute\">\n<script type=\"application\/ld+json\" class=\"yoast-schema-graph\">{\"@context\":\"https:\/\/schema.org\",\"@graph\":[{\"@type\":\"WebSite\",\"@id\":\"https:\/\/dietetykgdynia.com\/#website\",\"url\":\"https:\/\/dietetykgdynia.com\/\",\"name\":\"DIETETYK\",\"description\":\"Gdynia, ul. Falista 16\/11\",\"potentialAction\":[{\"@type\":\"SearchAction\",\"target\":\"https:\/\/dietetykgdynia.com\/?s={search_term_string}\",\"query-input\":\"required name=search_term_string\"}],\"inLanguage\":\"en-US\"},{\"@type\":\"WebPage\",\"@id\":\"https:\/\/dietetykgdynia.com\/?page_id=68#webpage\",\"url\":\"https:\/\/dietetykgdynia.com\/?page_id=68\",\"name\":\"CENNIK - DIETETYK\",\"isPartOf\":{\"@id\":\"https:\/\/dietetykgdynia.com\/#website\"},\"datePublished\":\"2021-05-17T07:49:27+00:00\",\"dateModified\":\"2024-05-22T09:59:45+00:00\",\"breadcrumb\":{\"@id\":\"https:\/\/dietetykgdynia.com\/?page_id=68#breadcrumb\"},\"inLanguage\":\"en-US\",\"potentialAction\":[{\"@type\":\"ReadAction\",\"target\":[\"https:\/\/dietetykgdynia.com\/?page_id=68\"]}]},{\"@type\":\"BreadcrumbList\",\"@id\":\"https:\/\/dietetykgdynia.com\/?page_id=68#breadcrumb\",\"itemListElement\":[{\"@type\":\"ListItem\",\"position\":1,\"item\":{\"@type\":\"WebPage\",\"@id\":\"https:\/\/dietetykgdynia.com\/\",\"url\":\"https:\/\/dietetykgdynia.com\/\",\"name\":\"Home\"}},{\"@type\":\"ListItem\",\"position\":2,\"item\":{\"@id\":\"https:\/\/dietetykgdynia.com\/?page_id=68#webpage\"}}]}]}<\/script>\n<!-- \/ Yoast SEO plugin. -->","_links":{"self":[{"href":"https:\/\/dietetykgdynia.com\/index.php?rest_route=\/wp\/v2\/pages\/68","targetHints":{"allow":["GET"]}}],"collection":[{"href":"https:\/\/dietetykgdynia.com\/index.php?rest_route=\/wp\/v2\/pages"}],"about":[{"href":"https:\/\/dietetykgdynia.com\/index.php?rest_route=\/wp\/v2\/types\/page"}],"author":[{"embeddable":true,"href":"https:\/\/dietetykgdynia.com\/index.php?rest_route=\/wp\/v2\/users\/1"}],"replies":[{"embeddable":true,"href":"https:\/\/dietetykgdynia.com\/index.php?rest_route=%2Fwp%2Fv2%2Fcomments&post=68"}],"version-history":[{"count":31,"href":"https:\/\/dietetykgdynia.com\/index.php?rest_route=\/wp\/v2\/pages\/68\/revisions"}],"predecessor-version":[{"id":1017,"href":"https:\/\/dietetykgdynia.com\/index.php?rest_route=\/wp\/v2\/pages\/68\/revisions\/1017"}],"wp:attachment":[{"href":"https:\/\/dietetykgdynia.com\/index.php?rest_route=%2Fwp%2Fv2%2Fmedia&parent=68"}],"curies":[{"name":"wp","href":"https:\/\/api.w.org\/{rel}","templated":true}]}}