{"id":70,"date":"2021-05-17T09:56:19","date_gmt":"2021-05-17T07:56:19","guid":{"rendered":"http:\/\/dietetykgdynia.com\/?page_id=70"},"modified":"2022-04-11T10:53:18","modified_gmt":"2022-04-11T08:53:18","slug":"umow-sie-na-wizyte","status":"publish","type":"page","link":"https:\/\/dietetykgdynia.com\/?page_id=70","title":{"rendered":"Zarezerwuj termin wizyty"},"content":{"rendered":"\t\t<div data-elementor-type=\"wp-page\" data-elementor-id=\"70\" class=\"elementor elementor-70\" data-elementor-settings=\"[]\">\n\t\t\t\t\t\t\t<div class=\"elementor-section-wrap\">\n\t\t\t\t\t\t\t<section class=\"elementor-section elementor-top-section elementor-element elementor-element-5121f88 elementor-section-boxed elementor-section-height-default elementor-section-height-default\" data-id=\"5121f88\" data-element_type=\"section\">\n\t\t\t\t\t\t<div class=\"elementor-container elementor-column-gap-default\">\n\t\t\t\t\t<div class=\"elementor-column elementor-col-50 elementor-top-column elementor-element elementor-element-99ce866\" data-id=\"99ce866\" data-element_type=\"column\">\n\t\t\t<div class=\"elementor-widget-wrap elementor-element-populated\">\n\t\t\t\t\t\t\t\t<div class=\"elementor-element elementor-element-e52aa0f elementor-align-center elementor-widget elementor-widget-button\" data-id=\"e52aa0f\" data-element_type=\"widget\" data-widget_type=\"button.default\">\n\t\t\t\t<div class=\"elementor-widget-container\">\n\t\t\t\t\t<div class=\"elementor-button-wrapper\">\n\t\t\t<a href=\"tel:+48790385759\" class=\"elementor-button-link elementor-button elementor-size-sm\" role=\"button\">\n\t\t\t\t\t\t<span class=\"elementor-button-content-wrapper\">\n\t\t\t\t\t\t<span class=\"elementor-button-icon elementor-align-icon-left\">\n\t\t\t\t<i aria-hidden=\"true\" class=\"fas fa-phone-alt\"><\/i>\t\t\t<\/span>\n\t\t\t\t\t\t<span class=\"elementor-button-text\">Konsultacje stacjonane i on-line<\/span>\n\t\t<\/span>\n\t\t\t\t\t<\/a>\n\t\t<\/div>\n\t\t\t\t<\/div>\n\t\t\t\t<\/div>\n\t\t\t\t\t<\/div>\n\t\t<\/div>\n\t\t\t\t<div class=\"elementor-column elementor-col-50 elementor-top-column elementor-element elementor-element-e2d8245\" data-id=\"e2d8245\" data-element_type=\"column\">\n\t\t\t<div class=\"elementor-widget-wrap elementor-element-populated\">\n\t\t\t\t\t\t\t\t<div class=\"elementor-element elementor-element-617e35f elementor-align-center elementor-widget elementor-widget-button\" data-id=\"617e35f\" data-element_type=\"widget\" data-widget_type=\"button.default\">\n\t\t\t\t<div class=\"elementor-widget-container\">\n\t\t\t\t\t<div class=\"elementor-button-wrapper\">\n\t\t\t<a href=\"tel:+48790385759\" class=\"elementor-button-link elementor-button elementor-size-sm\" role=\"button\">\n\t\t\t\t\t\t<span class=\"elementor-button-content-wrapper\">\n\t\t\t\t\t\t<span class=\"elementor-button-icon elementor-align-icon-left\">\n\t\t\t\t<i aria-hidden=\"true\" class=\"fas fa-phone-alt\"><\/i>\t\t\t<\/span>\n\t\t\t\t\t\t<span class=\"elementor-button-text\">ZADZWO\u0143 790 385 759<\/span>\n\t\t<\/span>\n\t\t\t\t\t<\/a>\n\t\t<\/div>\n\t\t\t\t<\/div>\n\t\t\t\t<\/div>\n\t\t\t\t\t<\/div>\n\t\t<\/div>\n\t\t\t\t\t\t\t<\/div>\n\t\t<\/section>\n\t\t\t\t<section class=\"elementor-section elementor-top-section elementor-element elementor-element-d447212 elementor-section-boxed elementor-section-height-default elementor-section-height-default\" data-id=\"d447212\" data-element_type=\"section\">\n\t\t\t\t\t\t<div class=\"elementor-container elementor-column-gap-default\">\n\t\t\t\t\t<div class=\"elementor-column elementor-col-50 elementor-top-column elementor-element elementor-element-3f47f8c\" data-id=\"3f47f8c\" data-element_type=\"column\">\n\t\t\t<div class=\"elementor-widget-wrap elementor-element-populated\">\n\t\t\t\t\t\t\t\t<div class=\"elementor-element elementor-element-e830465 elementor-view-default elementor-widget elementor-widget-icon\" data-id=\"e830465\" data-element_type=\"widget\" data-widget_type=\"icon.default\">\n\t\t\t\t<div class=\"elementor-widget-container\">\n\t\t\t\t\t<div class=\"elementor-icon-wrapper\">\n\t\t\t<div class=\"elementor-icon\">\n\t\t\t<i aria-hidden=\"true\" class=\"far fa-envelope\"><\/i>\t\t\t<\/div>\n\t\t<\/div>\n\t\t\t\t<\/div>\n\t\t\t\t<\/div>\n\t\t\t\t\t<\/div>\n\t\t<\/div>\n\t\t\t\t<div class=\"elementor-column elementor-col-50 elementor-top-column elementor-element elementor-element-fe72e82\" data-id=\"fe72e82\" data-element_type=\"column\">\n\t\t\t<div class=\"elementor-widget-wrap elementor-element-populated\">\n\t\t\t\t\t\t\t\t<div class=\"elementor-element elementor-element-ebd1f3d elementor-view-default elementor-widget elementor-widget-icon\" data-id=\"ebd1f3d\" data-element_type=\"widget\" data-widget_type=\"icon.default\">\n\t\t\t\t<div class=\"elementor-widget-container\">\n\t\t\t\t\t<div class=\"elementor-icon-wrapper\">\n\t\t\t<div class=\"elementor-icon\">\n\t\t\t<i aria-hidden=\"true\" class=\"fas fa-mobile-alt\"><\/i>\t\t\t<\/div>\n\t\t<\/div>\n\t\t\t\t<\/div>\n\t\t\t\t<\/div>\n\t\t\t\t\t<\/div>\n\t\t<\/div>\n\t\t\t\t\t\t\t<\/div>\n\t\t<\/section>\n\t\t\t\t<section class=\"elementor-section elementor-top-section elementor-element elementor-element-e1496d6 elementor-section-boxed elementor-section-height-default elementor-section-height-default\" data-id=\"e1496d6\" data-element_type=\"section\">\n\t\t\t\t\t\t<div class=\"elementor-container elementor-column-gap-default\">\n\t\t\t\t\t<div class=\"elementor-column elementor-col-100 elementor-top-column elementor-element elementor-element-cbbb935\" data-id=\"cbbb935\" data-element_type=\"column\">\n\t\t\t<div class=\"elementor-widget-wrap elementor-element-populated\">\n\t\t\t\t\t\t\t\t<div class=\"elementor-element elementor-element-18e5c46 elementor-widget elementor-widget-text-editor\" data-id=\"18e5c46\" data-element_type=\"widget\" data-widget_type=\"text-editor.default\">\n\t\t\t\t<div class=\"elementor-widget-container\">\n\t\t\t\t\t\t\t\t<p>e-mail: <strong>katarzynasmolinska.activreha@gmail.com<\/strong><\/p>\n<p>adres:<\/p>\n<p><strong>ActivREHA Gabinet Rehabilitacji i Dietetyki<\/strong><\/p>\n<p>ul. Falista 16\/11, 81-331 Gdynia<\/p>\n<p>godziny pracy: pn-pt: 8:00-18:00<\/p>\n<p>Tel: <strong>790 385 759<\/strong><\/p>\t\t\t\t\t\t<\/div>\n\t\t\t\t<\/div>\n\t\t\t\t\t<\/div>\n\t\t<\/div>\n\t\t\t\t\t\t\t<\/div>\n\t\t<\/section>\n\t\t\t\t<section class=\"elementor-section elementor-top-section elementor-element elementor-element-529ffa80 elementor-section-boxed elementor-section-height-default elementor-section-height-default\" data-id=\"529ffa80\" data-element_type=\"section\">\n\t\t\t\t\t\t<div class=\"elementor-container elementor-column-gap-default\">\n\t\t\t\t\t<div class=\"elementor-column elementor-col-100 elementor-top-column elementor-element elementor-element-153d23b9\" data-id=\"153d23b9\" data-element_type=\"column\">\n\t\t\t<div class=\"elementor-widget-wrap elementor-element-populated\">\n\t\t\t\t\t\t\t\t<div class=\"elementor-element elementor-element-7c2a690 elementor-widget elementor-widget-text-editor\" data-id=\"7c2a690\" data-element_type=\"widget\" data-widget_type=\"text-editor.default\">\n\t\t\t\t<div class=\"elementor-widget-container\">\n\t\t\t\t\t\t\t\t<!-- wp:heading {\"textAlign\":\"right\"} --><!-- \/wp:heading --><!-- wp:table {\"className\":\"is-style-regular\"} -->\n<figure class=\"wp-block-table is-style-regular\">\n<figcaption>#dietetyk #dietetykgdynia #skuteczeodchudzanie #dietylecznicze #dietetykakliniczna<\/figcaption>\n<\/figure>\n<!-- \/wp:table --><!-- wp:paragraph {\"align\":\"center\",\"fontSize\":\"medium\"} -->\n<p class=\"has-text-align-center has-medium-font-size\">Zapraszam do telefonicznej rejestracji w godzinach 8:00\u201318:00<\/p>\n<p class=\"has-text-align-center has-medium-font-size\">\u00a0<\/p>\n<!-- \/wp:paragraph -->\t\t\t\t\t\t<\/div>\n\t\t\t\t<\/div>\n\t\t\t\t\t<\/div>\n\t\t<\/div>\n\t\t\t\t\t\t\t<\/div>\n\t\t<\/section>\n\t\t\t\t<section class=\"elementor-section elementor-top-section elementor-element elementor-element-7b82580 elementor-section-boxed elementor-section-height-default elementor-section-height-default\" data-id=\"7b82580\" data-element_type=\"section\">\n\t\t\t\t\t\t<div class=\"elementor-container elementor-column-gap-default\">\n\t\t\t\t\t<div class=\"elementor-column elementor-col-50 elementor-top-column elementor-element elementor-element-b2d02de\" data-id=\"b2d02de\" data-element_type=\"column\">\n\t\t\t<div class=\"elementor-widget-wrap elementor-element-populated\">\n\t\t\t\t\t\t\t\t<div class=\"elementor-element elementor-element-4cb4437 elementor-widget elementor-widget-google_maps\" data-id=\"4cb4437\" data-element_type=\"widget\" data-widget_type=\"google_maps.default\">\n\t\t\t\t<div class=\"elementor-widget-container\">\n\t\t\t<div class=\"elementor-custom-embed\"><iframe frameborder=\"0\" scrolling=\"no\" marginheight=\"0\" marginwidth=\"0\" src=\"https:\/\/maps.google.com\/maps?q=activreha&amp;t=m&amp;z=15&amp;output=embed&amp;iwloc=near\" title=\"activreha\" aria-label=\"activreha\"><\/iframe><\/div>\t\t<\/div>\n\t\t\t\t<\/div>\n\t\t\t\t\t<\/div>\n\t\t<\/div>\n\t\t\t\t<div class=\"elementor-column elementor-col-50 elementor-top-column elementor-element elementor-element-c989a48\" data-id=\"c989a48\" data-element_type=\"column\">\n\t\t\t<div class=\"elementor-widget-wrap\">\n\t\t\t\t\t\t\t\t\t<\/div>\n\t\t<\/div>\n\t\t\t\t\t\t\t<\/div>\n\t\t<\/section>\n\t\t\t\t\t\t<\/div>\n\t\t\t\t\t<\/div>\n\t\t","protected":false},"excerpt":{"rendered":"<p>Konsultacje stacjonane i on-line ZADZWO\u0143 790 385 759 e-mail: katarzynasmolinska.activreha@gmail.com adres: ActivREHA Gabinet Rehabilitacji i Dietetyki ul. Falista 16\/11, 81-331 Gdynia godziny pracy: pn-pt: 8:00-18:00 Tel: 790 385 759 #dietetyk #dietetykgdynia #skuteczeodchudzanie #dietylecznicze #dietetykakliniczna Zapraszam do telefonicznej rejestracji w godzinach 8:00\u201318:00 \u00a0<\/p>\n","protected":false},"author":1,"featured_media":0,"parent":0,"menu_order":0,"comment_status":"closed","ping_status":"closed","template":"","meta":{"footnotes":""},"class_list":["post-70","page","type-page","status-publish","hentry"],"yoast_head":"<!-- This site is optimized with the Yoast SEO plugin v16.2 - https:\/\/yoast.com\/wordpress\/plugins\/seo\/ -->\n<title>Zarezerwuj termin wizyty - DIETETYK<\/title>\n<meta name=\"description\" content=\"Skuteczny dietetyk w Gdyni. Trwa\u0142e i spektakularne efekty. Smaczne jad\u0142ospisy, plany \u017cywieniowe. Diety lecznicze. Leczenie nadwagi i oty\u0142o\u015bci\" \/>\n<meta name=\"robots\" content=\"index, follow, max-snippet:-1, max-image-preview:large, max-video-preview:-1\" \/>\n<link rel=\"canonical\" href=\"https:\/\/dietetykgdynia.com\/?page_id=70\" \/>\n<meta property=\"og:locale\" content=\"en_US\" \/>\n<meta property=\"og:type\" content=\"article\" \/>\n<meta property=\"og:title\" content=\"Zarezerwuj termin wizyty - DIETETYK\" \/>\n<meta property=\"og:description\" content=\"Skuteczny dietetyk w Gdyni. Trwa\u0142e i spektakularne efekty. Smaczne jad\u0142ospisy, plany \u017cywieniowe. Diety lecznicze. Leczenie nadwagi i oty\u0142o\u015bci\" \/>\n<meta property=\"og:url\" content=\"https:\/\/dietetykgdynia.com\/?page_id=70\" \/>\n<meta property=\"og:site_name\" content=\"DIETETYK\" \/>\n<meta property=\"article:modified_time\" content=\"2022-04-11T08:53:18+00:00\" \/>\n<meta name=\"twitter:card\" content=\"summary_large_image\" \/>\n<meta name=\"twitter:label1\" content=\"Est. reading time\">\n\t<meta name=\"twitter:data1\" content=\"1 minute\">\n<script type=\"application\/ld+json\" class=\"yoast-schema-graph\">{\"@context\":\"https:\/\/schema.org\",\"@graph\":[{\"@type\":\"WebSite\",\"@id\":\"https:\/\/dietetykgdynia.com\/#website\",\"url\":\"https:\/\/dietetykgdynia.com\/\",\"name\":\"DIETETYK\",\"description\":\"Gdynia, ul. Falista 16\/11\",\"potentialAction\":[{\"@type\":\"SearchAction\",\"target\":\"https:\/\/dietetykgdynia.com\/?s={search_term_string}\",\"query-input\":\"required name=search_term_string\"}],\"inLanguage\":\"en-US\"},{\"@type\":\"WebPage\",\"@id\":\"https:\/\/dietetykgdynia.com\/?page_id=70#webpage\",\"url\":\"https:\/\/dietetykgdynia.com\/?page_id=70\",\"name\":\"Zarezerwuj termin wizyty - DIETETYK\",\"isPartOf\":{\"@id\":\"https:\/\/dietetykgdynia.com\/#website\"},\"datePublished\":\"2021-05-17T07:56:19+00:00\",\"dateModified\":\"2022-04-11T08:53:18+00:00\",\"description\":\"Skuteczny dietetyk w Gdyni. Trwa\\u0142e i spektakularne efekty. Smaczne jad\\u0142ospisy, plany \\u017cywieniowe. Diety lecznicze. Leczenie nadwagi i oty\\u0142o\\u015bci\",\"breadcrumb\":{\"@id\":\"https:\/\/dietetykgdynia.com\/?page_id=70#breadcrumb\"},\"inLanguage\":\"en-US\",\"potentialAction\":[{\"@type\":\"ReadAction\",\"target\":[\"https:\/\/dietetykgdynia.com\/?page_id=70\"]}]},{\"@type\":\"BreadcrumbList\",\"@id\":\"https:\/\/dietetykgdynia.com\/?page_id=70#breadcrumb\",\"itemListElement\":[{\"@type\":\"ListItem\",\"position\":1,\"item\":{\"@type\":\"WebPage\",\"@id\":\"https:\/\/dietetykgdynia.com\/\",\"url\":\"https:\/\/dietetykgdynia.com\/\",\"name\":\"Home\"}},{\"@type\":\"ListItem\",\"position\":2,\"item\":{\"@id\":\"https:\/\/dietetykgdynia.com\/?page_id=70#webpage\"}}]}]}<\/script>\n<!-- \/ Yoast SEO plugin. -->","_links":{"self":[{"href":"https:\/\/dietetykgdynia.com\/index.php?rest_route=\/wp\/v2\/pages\/70","targetHints":{"allow":["GET"]}}],"collection":[{"href":"https:\/\/dietetykgdynia.com\/index.php?rest_route=\/wp\/v2\/pages"}],"about":[{"href":"https:\/\/dietetykgdynia.com\/index.php?rest_route=\/wp\/v2\/types\/page"}],"author":[{"embeddable":true,"href":"https:\/\/dietetykgdynia.com\/index.php?rest_route=\/wp\/v2\/users\/1"}],"replies":[{"embeddable":true,"href":"https:\/\/dietetykgdynia.com\/index.php?rest_route=%2Fwp%2Fv2%2Fcomments&post=70"}],"version-history":[{"count":61,"href":"https:\/\/dietetykgdynia.com\/index.php?rest_route=\/wp\/v2\/pages\/70\/revisions"}],"predecessor-version":[{"id":999,"href":"https:\/\/dietetykgdynia.com\/index.php?rest_route=\/wp\/v2\/pages\/70\/revisions\/999"}],"wp:attachment":[{"href":"https:\/\/dietetykgdynia.com\/index.php?rest_route=%2Fwp%2Fv2%2Fmedia&parent=70"}],"curies":[{"name":"wp","href":"https:\/\/api.w.org\/{rel}","templated":true}]}}